{"id":7,"date":"2023-11-26T21:40:52","date_gmt":"2023-11-26T20:40:52","guid":{"rendered":"https:\/\/ludothequejeuxjoue.ca\/?page_id=7"},"modified":"2026-04-09T21:53:24","modified_gmt":"2026-04-09T19:53:24","slug":"ludotheque-jeux-joue","status":"publish","type":"page","link":"https:\/\/ludothequejeuxjoue.ca\/","title":{"rendered":""},"content":{"rendered":"\n<p class=\"has-text-align-center\">ONBL dans les Laurentides. La ludoth\u00e8que permet d&#8217;emprunter des jeux, jouets, casse-t\u00eate pour tous \u00e2ges. Abonnement annuel ou location \u00e0 l&rsquo;unit\u00e9.<\/p>\n\n\n<div class=\"wp-block-image\">\n<figure class=\"aligncenter size-large\"><a href=\"https:\/\/ludothequejeuxjoue.ca\/index.php\/les-jeux\/\"><img loading=\"lazy\" decoding=\"async\" width=\"1024\" height=\"112\" src=\"https:\/\/ludothequejeuxjoue.ca\/wp-content\/uploads\/2024\/11\/1-1024x112.png\" alt=\"\" class=\"wp-image-1684\" srcset=\"https:\/\/ludothequejeuxjoue.ca\/wp-content\/uploads\/2024\/11\/1-1024x112.png 1024w, https:\/\/ludothequejeuxjoue.ca\/wp-content\/uploads\/2024\/11\/1-300x33.png 300w, https:\/\/ludothequejeuxjoue.ca\/wp-content\/uploads\/2024\/11\/1-768x84.png 768w, https:\/\/ludothequejeuxjoue.ca\/wp-content\/uploads\/2024\/11\/1.png 1200w\" sizes=\"auto, (max-width: 1024px) 100vw, 1024px\" \/><\/a><\/figure><\/div>\n\n\n<p><\/p>\n\n\n\n<p><\/p>\n\n\n<div class=\"wp-block-image\">\n<figure class=\"aligncenter size-large\"><img loading=\"lazy\" decoding=\"async\" width=\"1024\" height=\"544\" src=\"https:\/\/ludothequejeuxjoue.ca\/wp-content\/uploads\/2026\/04\/horaires-printemps-2026-1024x544.png\" alt=\"\" class=\"wp-image-2954\" srcset=\"https:\/\/ludothequejeuxjoue.ca\/wp-content\/uploads\/2026\/04\/horaires-printemps-2026-1024x544.png 1024w, https:\/\/ludothequejeuxjoue.ca\/wp-content\/uploads\/2026\/04\/horaires-printemps-2026-300x160.png 300w, https:\/\/ludothequejeuxjoue.ca\/wp-content\/uploads\/2026\/04\/horaires-printemps-2026-768x408.png 768w, https:\/\/ludothequejeuxjoue.ca\/wp-content\/uploads\/2026\/04\/horaires-printemps-2026.png 1200w\" sizes=\"auto, (max-width: 1024px) 100vw, 1024px\" \/><\/figure><\/div>\n\n\n<p><\/p>\n\n\n<div class=\"wp-block-image\">\n<figure class=\"aligncenter size-large\"><img loading=\"lazy\" decoding=\"async\" width=\"1024\" height=\"576\" src=\"https:\/\/ludothequejeuxjoue.ca\/wp-content\/uploads\/2025\/12\/Service-1024x576.png\" alt=\"\" class=\"wp-image-2760\" srcset=\"https:\/\/ludothequejeuxjoue.ca\/wp-content\/uploads\/2025\/12\/Service-1024x576.png 1024w, https:\/\/ludothequejeuxjoue.ca\/wp-content\/uploads\/2025\/12\/Service-300x169.png 300w, https:\/\/ludothequejeuxjoue.ca\/wp-content\/uploads\/2025\/12\/Service-768x432.png 768w, https:\/\/ludothequejeuxjoue.ca\/wp-content\/uploads\/2025\/12\/Service.png 1200w\" sizes=\"auto, (max-width: 1024px) 100vw, 1024px\" \/><\/figure><\/div>\n\n\n<p><\/p>\n\n\n<div class=\"wp-block-image\">\n<figure class=\"aligncenter size-large is-resized\"><img loading=\"lazy\" decoding=\"async\" width=\"1024\" height=\"576\" src=\"https:\/\/ludothequejeuxjoue.ca\/wp-content\/uploads\/2026\/04\/tarif-1024x576.png\" alt=\"\" class=\"wp-image-2956\" style=\"width:1024px\" srcset=\"https:\/\/ludothequejeuxjoue.ca\/wp-content\/uploads\/2026\/04\/tarif-1024x576.png 1024w, https:\/\/ludothequejeuxjoue.ca\/wp-content\/uploads\/2026\/04\/tarif-300x169.png 300w, https:\/\/ludothequejeuxjoue.ca\/wp-content\/uploads\/2026\/04\/tarif-768x432.png 768w, https:\/\/ludothequejeuxjoue.ca\/wp-content\/uploads\/2026\/04\/tarif.png 1200w\" sizes=\"auto, (max-width: 1024px) 100vw, 1024px\" \/><\/figure><\/div>\n\n\n<div class=\"wp-block-columns is-layout-flex wp-container-core-columns-is-layout-1 wp-block-columns-is-layout-flex\">\n<div class=\"wp-block-column is-layout-flow wp-block-column-is-layout-flow\"><\/div>\n\n\n\n<div class=\"wp-block-column is-layout-flow wp-block-column-is-layout-flow\">\n<figure class=\"wp-block-image size-full\"><a href=\"https:\/\/ludothequejeuxjoue.ca\/wp-content\/uploads\/2024\/04\/Fiche-Adhesion_JeuxJoue_WEB_04_2024-2.pdf\" rel=\"fiche\"><img loading=\"lazy\" decoding=\"async\" width=\"300\" height=\"50\" src=\"https:\/\/ludothequejeuxjoue.ca\/wp-content\/uploads\/2024\/03\/Fiche-dadhesion.png\" alt=\"\" class=\"wp-image-837\"\/><\/a><\/figure>\n<\/div>\n\n\n\n<div class=\"wp-block-column is-layout-flow wp-block-column-is-layout-flow\">\n<figure class=\"wp-block-image size-full is-resized\"><a class=\"\" href=\"https:\/\/ludothequejeuxjoue.ca\/wp-content\/uploads\/2024\/06\/Reglements-Interieur-LJJ-V2_2024-06-2.pdf\" target=\"_blank\" rel=\"noopener\"><img loading=\"lazy\" decoding=\"async\" width=\"300\" height=\"50\" src=\"https:\/\/ludothequejeuxjoue.ca\/wp-content\/uploads\/2024\/03\/Formulaire-dadhesion.png\" alt=\"\" class=\"wp-image-838\" style=\"width:304px;height:auto\"\/><\/a><\/figure>\n<\/div>\n<\/div>\n\n\n<div class=\"wp-block-image\">\n<figure class=\"aligncenter size-large\"><img loading=\"lazy\" decoding=\"async\" width=\"1024\" height=\"576\" src=\"https:\/\/ludothequejeuxjoue.ca\/wp-content\/uploads\/2025\/12\/certificats-cadeaux-1024x576.png\" alt=\"\" class=\"wp-image-2763\" srcset=\"https:\/\/ludothequejeuxjoue.ca\/wp-content\/uploads\/2025\/12\/certificats-cadeaux-1024x576.png 1024w, https:\/\/ludothequejeuxjoue.ca\/wp-content\/uploads\/2025\/12\/certificats-cadeaux-300x169.png 300w, https:\/\/ludothequejeuxjoue.ca\/wp-content\/uploads\/2025\/12\/certificats-cadeaux-768x432.png 768w, https:\/\/ludothequejeuxjoue.ca\/wp-content\/uploads\/2025\/12\/certificats-cadeaux.png 1200w\" sizes=\"auto, (max-width: 1024px) 100vw, 1024px\" \/><\/figure><\/div>\n\n\n<p><\/p>\n\n\n<div class=\"wp-block-image\">\n<figure class=\"aligncenter size-large is-resized\"><img loading=\"lazy\" decoding=\"async\" width=\"1024\" height=\"576\" src=\"https:\/\/ludothequejeuxjoue.ca\/wp-content\/uploads\/2024\/02\/TYPES-DE-JEUX-DISPONIBLES-1-1024x576.png\" alt=\"\" class=\"wp-image-705\" style=\"width:1024px\" srcset=\"https:\/\/ludothequejeuxjoue.ca\/wp-content\/uploads\/2024\/02\/TYPES-DE-JEUX-DISPONIBLES-1-1024x576.png 1024w, https:\/\/ludothequejeuxjoue.ca\/wp-content\/uploads\/2024\/02\/TYPES-DE-JEUX-DISPONIBLES-1-300x169.png 300w, https:\/\/ludothequejeuxjoue.ca\/wp-content\/uploads\/2024\/02\/TYPES-DE-JEUX-DISPONIBLES-1-768x432.png 768w, https:\/\/ludothequejeuxjoue.ca\/wp-content\/uploads\/2024\/02\/TYPES-DE-JEUX-DISPONIBLES-1.png 1200w\" sizes=\"auto, (max-width: 1024px) 100vw, 1024px\" \/><\/figure><\/div>\n\n\n<p><\/p>\n\n\n<div class=\"wp-block-image\">\n<figure class=\"aligncenter size-large\"><img loading=\"lazy\" decoding=\"async\" width=\"1200\" height=\"675\" src=\"https:\/\/ludothequejeuxjoue.ca\/wp-content\/uploads\/2024\/11\/6-1024x576.png\" alt=\"\" class=\"wp-image-1687\" srcset=\"https:\/\/ludothequejeuxjoue.ca\/wp-content\/uploads\/2024\/11\/6-1024x576.png 1024w, https:\/\/ludothequejeuxjoue.ca\/wp-content\/uploads\/2024\/11\/6-300x169.png 300w, https:\/\/ludothequejeuxjoue.ca\/wp-content\/uploads\/2024\/11\/6-768x432.png 768w, https:\/\/ludothequejeuxjoue.ca\/wp-content\/uploads\/2024\/11\/6.png 1200w\" sizes=\"auto, (max-width: 1200px) 100vw, 1200px\" \/><\/figure><\/div>\n\n\n<p><\/p>\n\n\n<div class=\"wp-block-image\">\n<figure class=\"aligncenter size-large\"><img loading=\"lazy\" decoding=\"async\" width=\"1024\" height=\"252\" src=\"https:\/\/ludothequejeuxjoue.ca\/wp-content\/uploads\/2024\/03\/dons-1-1024x252.png\" alt=\"\" class=\"wp-image-903\" srcset=\"https:\/\/ludothequejeuxjoue.ca\/wp-content\/uploads\/2024\/03\/dons-1-1024x252.png 1024w, https:\/\/ludothequejeuxjoue.ca\/wp-content\/uploads\/2024\/03\/dons-1-300x74.png 300w, https:\/\/ludothequejeuxjoue.ca\/wp-content\/uploads\/2024\/03\/dons-1-768x189.png 768w, https:\/\/ludothequejeuxjoue.ca\/wp-content\/uploads\/2024\/03\/dons-1.png 1200w\" sizes=\"auto, (max-width: 1024px) 100vw, 1024px\" \/><\/figure><\/div>\n\n\n<p><\/p>\n\n\n<div class=\"wp-block-image\">\n<figure class=\"aligncenter size-large\"><img loading=\"lazy\" decoding=\"async\" width=\"1024\" height=\"213\" src=\"https:\/\/ludothequejeuxjoue.ca\/wp-content\/uploads\/2024\/03\/bandeau-1024x213.jpg\" alt=\"\" class=\"wp-image-784\" srcset=\"https:\/\/ludothequejeuxjoue.ca\/wp-content\/uploads\/2024\/03\/bandeau-1024x213.jpg 1024w, https:\/\/ludothequejeuxjoue.ca\/wp-content\/uploads\/2024\/03\/bandeau-300x63.jpg 300w, https:\/\/ludothequejeuxjoue.ca\/wp-content\/uploads\/2024\/03\/bandeau-768x160.jpg 768w, https:\/\/ludothequejeuxjoue.ca\/wp-content\/uploads\/2024\/03\/bandeau.jpg 1200w\" sizes=\"auto, (max-width: 1024px) 100vw, 1024px\" \/><\/figure><\/div>\n\n\n<p><\/p>\n","protected":false},"excerpt":{"rendered":"<p>ONBL dans les Laurentides. La ludoth\u00e8que permet d&#8217;emprunter des jeux, jouets, casse-t\u00eate pour tous \u00e2ges. Abonnement annuel ou location \u00e0 l&rsquo;unit\u00e9.<\/p>\n","protected":false},"author":1,"featured_media":0,"parent":0,"menu_order":0,"comment_status":"closed","ping_status":"closed","template":"","meta":{"neve_meta_sidebar":"","neve_meta_container":"","neve_meta_enable_content_width":"","neve_meta_content_width":0,"neve_meta_title_alignment":"","neve_meta_author_avatar":"","neve_post_elements_order":"","neve_meta_disable_header":"","neve_meta_disable_footer":"","neve_meta_disable_title":"","footnotes":""},"class_list":["post-7","page","type-page","status-publish","hentry"],"_links":{"self":[{"href":"https:\/\/ludothequejeuxjoue.ca\/index.php\/wp-json\/wp\/v2\/pages\/7","targetHints":{"allow":["GET"]}}],"collection":[{"href":"https:\/\/ludothequejeuxjoue.ca\/index.php\/wp-json\/wp\/v2\/pages"}],"about":[{"href":"https:\/\/ludothequejeuxjoue.ca\/index.php\/wp-json\/wp\/v2\/types\/page"}],"author":[{"embeddable":true,"href":"https:\/\/ludothequejeuxjoue.ca\/index.php\/wp-json\/wp\/v2\/users\/1"}],"replies":[{"embeddable":true,"href":"https:\/\/ludothequejeuxjoue.ca\/index.php\/wp-json\/wp\/v2\/comments?post=7"}],"version-history":[{"count":135,"href":"https:\/\/ludothequejeuxjoue.ca\/index.php\/wp-json\/wp\/v2\/pages\/7\/revisions"}],"predecessor-version":[{"id":2957,"href":"https:\/\/ludothequejeuxjoue.ca\/index.php\/wp-json\/wp\/v2\/pages\/7\/revisions\/2957"}],"wp:attachment":[{"href":"https:\/\/ludothequejeuxjoue.ca\/index.php\/wp-json\/wp\/v2\/media?parent=7"}],"curies":[{"name":"wp","href":"https:\/\/api.w.org\/{rel}","templated":true}]}}